{"id":26430,"date":"2025-09-01T15:30:56","date_gmt":"2025-09-01T13:30:56","guid":{"rendered":"https:\/\/osklopecik.pl\/?page_id=26430"},"modified":"2025-09-02T19:05:24","modified_gmt":"2025-09-02T17:05:24","slug":"automat-osk-lopecik","status":"publish","type":"page","link":"https:\/\/osklopecik.pl\/?page_id=26430","title":{"rendered":"Automat"},"content":{"rendered":"<p>[et_pb_section fb_built=&#8221;1&#8243; custom_padding_last_edited=&#8221;on|phone&#8221; admin_label=&#8221;Hero Section&#8221; _builder_version=&#8221;4.27.4&#8243; background_color=&#8221;#3644af&#8221; use_background_color_gradient=&#8221;on&#8221; background_color_gradient_direction=&#8221;151deg&#8221; background_color_gradient_stops=&#8221;rgba(0,0,0,0.4) 95%|rgba(0,0,0,0.27) 100%&#8221; background_color_gradient_overlays_image=&#8221;on&#8221; background_image=&#8221;https:\/\/osklopecik.pl\/wp-content\/uploads\/2024\/07\/20240315_173706-scaled-1.jpg&#8221; parallax=&#8221;on&#8221; custom_padding=&#8221;200px|0px|200px|0px&#8221; custom_padding_tablet=&#8221;200px||200px|&#8221; custom_padding_phone=&#8221;140px||140px|&#8221; bottom_divider_style=&#8221;wave2&#8243; bottom_divider_color=&#8221;#212529&#8243; global_colors_info=&#8221;{}&#8221;][et_pb_row _builder_version=&#8221;4.16&#8243; custom_padding=&#8221;|||&#8221; animation_style=&#8221;slide&#8221; animation_direction=&#8221;bottom&#8221; animation_intensity_slide=&#8221;10%&#8221; global_colors_info=&#8221;{}&#8221;][et_pb_column type=&#8221;4_4&#8243; _builder_version=&#8221;4.16&#8243; custom_padding=&#8221;|||&#8221; global_colors_info=&#8221;{}&#8221; custom_padding__hover=&#8221;|||&#8221;][et_pb_text admin_label=&#8221;Title and subhead&#8221; _builder_version=&#8221;4.27.4&#8243; text_font=&#8221;Ubuntu||||||||&#8221; text_text_color=&#8221;#FFFFFF&#8221; text_font_size=&#8221;16px&#8221; text_line_height=&#8221;1.8em&#8221; header_font=&#8221;Montserrat|700|||||||&#8221; header_font_size=&#8221;50px&#8221; header_line_height=&#8221;1.4em&#8221; header_2_font=&#8221;||||||||&#8221; background_enable_color=&#8221;off&#8221; text_orientation=&#8221;center&#8221; background_layout=&#8221;dark&#8221; max_width=&#8221;720px&#8221; module_alignment=&#8221;center&#8221; custom_margin=&#8221;|193px||||&#8221; header_font_size_tablet=&#8221;&#8221; header_font_size_phone=&#8221;40px&#8221; header_font_size_last_edited=&#8221;on|desktop&#8221; text_text_shadow_style=&#8221;preset3&#8243; text_text_shadow_blur_strength=&#8221;0.38em&#8221; text_text_shadow_color=&#8221;#000000&#8243; locked=&#8221;off&#8221; global_colors_info=&#8221;{}&#8221;]<\/p>\n<h1>OSK Lopecik<\/h1>\n<p><span>Naucz si\u0119 prowadzi\u0107 \u0142atwo i bezstresowo! Kursy samochodem z automatyczn\u0105 skrzyni\u0105 bieg\u00f3w.<\/span><\/p>\n<p>[\/et_pb_text][\/et_pb_column][\/et_pb_row][\/et_pb_section][et_pb_section fb_built=&#8221;1&#8243; admin_label=&#8221;Our Services&#8221; _builder_version=&#8221;4.16&#8243; background_color=&#8221;#212529&#8243; custom_padding=&#8221;100px|0px|100px|0px&#8221; global_colors_info=&#8221;{}&#8221;][et_pb_row admin_label=&#8221;New standard of payments&#8221; _builder_version=&#8221;4.16&#8243; global_colors_info=&#8221;{}&#8221;][et_pb_column type=&#8221;4_4&#8243; _builder_version=&#8221;4.16&#8243; custom_padding=&#8221;|||&#8221; global_colors_info=&#8221;{}&#8221; custom_padding__hover=&#8221;|||&#8221;][et_pb_text _builder_version=&#8221;4.16&#8243; text_font=&#8221;PT Sans||||||||&#8221; text_text_color=&#8221;rgba(255,255,255,0.7)&#8221; text_font_size=&#8221;18px&#8221; text_line_height=&#8221;1.8em&#8221; header_font=&#8221;||||||||&#8221; header_2_font=&#8221;Poppins|500|||||||&#8221; header_2_font_size=&#8221;38px&#8221; header_2_line_height=&#8221;1.3em&#8221; header_3_font=&#8221;||||||||&#8221; header_4_font=&#8221;||||||||&#8221; text_orientation=&#8221;center&#8221; background_layout=&#8221;dark&#8221; max_width=&#8221;700px&#8221; module_alignment=&#8221;center&#8221; global_colors_info=&#8221;{}&#8221;]<\/p>\n<h2>OSK Lopecik<\/h2>\n<p><span>Nasz O\u015brodek Szkolenia Kierowc\u00f3w\u00a0<\/span><strong>Lopecik<\/strong><span>\u00a0to nowoczesna szko\u0142a jazdy, gdzie uczymy na zar\u00f3wno samochodach z manualn\u0105, jak i\u00a0<strong>automatyczn\u0105 skrzyni\u0105 bieg\u00f3w<\/strong>. Nasze kursy s\u0105 przyjazne, dopasowane do potrzeb ka\u017cdego kursanta i prowadzone w komfortowej atmosferze.<\/span><\/p>\n<p>[\/et_pb_text][\/et_pb_column][\/et_pb_row][et_pb_row column_structure=&#8221;1_3,1_3,1_3&#8243; use_custom_gutter=&#8221;on&#8221; gutter_width=&#8221;2&#8243; make_equal=&#8221;on&#8221; _builder_version=&#8221;4.27.4&#8243; global_colors_info=&#8221;{}&#8221;][et_pb_column type=&#8221;1_3&#8243; _builder_version=&#8221;4.27.4&#8243; background_color=&#8221;#2e3858&#8243; custom_padding=&#8221;30px|30px|30px|30px&#8221; global_colors_info=&#8221;{}&#8221; custom_padding__hover=&#8221;|||&#8221;][et_pb_blurb title=&#8221;Zalety nauki automatem&#8221; image=&#8221;https:\/\/osklopecik.pl\/wp-content\/uploads\/2025\/09\/thumbs-up-1.png&#8221; image_icon_width=&#8221;25%&#8221; content_max_width=&#8221;284px&#8221; _builder_version=&#8221;4.27.4&#8243; header_font=&#8221;PT Sans|700|||||||&#8221; header_line_height=&#8221;25px&#8221; body_font=&#8221;PT Sans||||||||&#8221; body_text_color=&#8221;rgba(255,255,255,0.7)&#8221; body_font_size=&#8221;16px&#8221; body_line_height=&#8221;1.8em&#8221; text_orientation=&#8221;center&#8221; background_layout=&#8221;dark&#8221; custom_margin=&#8221;|||&#8221; custom_padding=&#8221;|||&#8221; animation_style=&#8221;slide&#8221; animation_direction=&#8221;bottom&#8221; animation_intensity_slide=&#8221;10%&#8221; animation=&#8221;off&#8221; global_colors_info=&#8221;{}&#8221;]<\/p>\n<p>Dzi\u0119ki automatycznej skrzyni bieg\u00f3w kursanci mog\u0105 skupi\u0107 si\u0119 na je\u017adzie i szybciej zdobywaj\u0105 pewno\u015b\u0107 siebie. Uczymy na nowoczesnych, hybrydowych samochodach, co sprawia, \u017ce nauka jest wygodna i ekologiczna.<\/p>\n<p>[\/et_pb_blurb][\/et_pb_column][et_pb_column type=&#8221;1_3&#8243; _builder_version=&#8221;4.16&#8243; background_color=&#8221;#2e3858&#8243; custom_padding=&#8221;30px|30px|30px|30px&#8221; global_colors_info=&#8221;{}&#8221; custom_padding__hover=&#8221;|||&#8221;][et_pb_blurb title=&#8221;Dlaczego warto wybra\u0107 automat?&#8221; image=&#8221;https:\/\/osklopecik.pl\/wp-content\/uploads\/2025\/09\/driving-lessons-1.png&#8221; image_icon_width=&#8221;25%&#8221; content_max_width=&#8221;284px&#8221; _builder_version=&#8221;4.27.4&#8243; header_font=&#8221;PT Sans|700|||||||&#8221; header_line_height=&#8221;25px&#8221; body_font=&#8221;PT Sans||||||||&#8221; body_text_color=&#8221;rgba(255,255,255,0.7)&#8221; body_font_size=&#8221;16px&#8221; body_line_height=&#8221;1.8em&#8221; text_orientation=&#8221;center&#8221; background_layout=&#8221;dark&#8221; custom_margin=&#8221;|||&#8221; custom_padding=&#8221;|||&#8221; animation_style=&#8221;slide&#8221; animation_direction=&#8221;bottom&#8221; animation_delay=&#8221;100ms&#8221; animation_intensity_slide=&#8221;10%&#8221; animation=&#8221;off&#8221; hover_enabled=&#8221;0&#8243; global_colors_info=&#8221;{}&#8221; alt=&#8221;Ikona egzaminu na prawojazdy na stronie %22Automat%22&#8243; sticky_enabled=&#8221;0&#8243;]<\/p>\n<p>Jazda samochodem z automatyczn\u0105 skrzyni\u0105 bieg\u00f3w jest prostsza i mniej stresuj\u0105ca. Nie musisz martwi\u0107 si\u0119 zmian\u0105 bieg\u00f3w, dzi\u0119ki czemu mo\u017cesz w pe\u0142ni skupi\u0107 si\u0119 na bezpiecze\u0144stwie i nabieraniu pewno\u015bci za kierownic\u0105.<\/p>\n<p>[\/et_pb_blurb][\/et_pb_column][et_pb_column type=&#8221;1_3&#8243; _builder_version=&#8221;4.16&#8243; background_color=&#8221;#2e3858&#8243; custom_padding=&#8221;30px|30px|30px|30px&#8221; global_colors_info=&#8221;{}&#8221; custom_padding__hover=&#8221;|||&#8221;][et_pb_blurb title=&#8221;Dlaczego OSK Lopecik?&#8221; image=&#8221;https:\/\/osklopecik.pl\/wp-content\/uploads\/2025\/09\/problem.png&#8221; image_icon_width=&#8221;25%&#8221; content_max_width=&#8221;284px&#8221; _builder_version=&#8221;4.27.4&#8243; header_font=&#8221;PT Sans|700|||||||&#8221; header_line_height=&#8221;25px&#8221; body_font=&#8221;PT Sans||||||||&#8221; body_text_color=&#8221;rgba(255,255,255,0.7)&#8221; body_font_size=&#8221;16px&#8221; body_line_height=&#8221;1.8em&#8221; text_orientation=&#8221;center&#8221; background_layout=&#8221;dark&#8221; custom_margin=&#8221;|||&#8221; custom_padding=&#8221;|||&#8221; animation_style=&#8221;slide&#8221; animation_direction=&#8221;bottom&#8221; animation_delay=&#8221;200ms&#8221; animation_intensity_slide=&#8221;10%&#8221; animation=&#8221;off&#8221; global_colors_info=&#8221;{}&#8221;]<\/p>\n<p>Nowoczesne auta, indywidualne podej\u015bcie i bezstresowa nauka \u2013 z nami pewnie zdasz egzamin.<\/p>\n<p>[\/et_pb_blurb][\/et_pb_column][\/et_pb_row][\/et_pb_section][et_pb_section fb_built=&#8221;1&#8243; admin_label=&#8221;Feature Image Left&#8221; _builder_version=&#8221;4.16&#8243; background_color=&#8221;#212529&#8243; global_colors_info=&#8221;{}&#8221;][et_pb_row column_structure=&#8221;1_2,1_2&#8243; _builder_version=&#8221;4.27.4&#8243; custom_margin=&#8221;|||&#8221; global_colors_info=&#8221;{}&#8221;][et_pb_column type=&#8221;1_2&#8243; _builder_version=&#8221;4.27.4&#8243; custom_padding=&#8221;100px||100px||true|false&#8221; global_colors_info=&#8221;{}&#8221; custom_padding__hover=&#8221;|||&#8221;][et_pb_image src=&#8221;https:\/\/osklopecik.pl\/wp-content\/uploads\/2025\/09\/training.png&#8221; title_text=&#8221;training&#8221; align=&#8221;center&#8221; align_tablet=&#8221;center&#8221; align_last_edited=&#8221;off|desktop&#8221; _builder_version=&#8221;4.27.4&#8243; animation_style=&#8221;slide&#8221; animation_direction=&#8221;bottom&#8221; animation_intensity_slide=&#8221;10%&#8221; global_colors_info=&#8221;{}&#8221;][\/et_pb_image][\/et_pb_column][et_pb_column type=&#8221;1_2&#8243; _builder_version=&#8221;4.16&#8243; custom_padding=&#8221;|||&#8221; global_colors_info=&#8221;{}&#8221; custom_padding__hover=&#8221;|||&#8221;][et_pb_text _builder_version=&#8221;4.27.4&#8243; text_font=&#8221;PT Sans|700|||||||&#8221; text_text_color=&#8221;#4daaf2&#8243; text_font_size=&#8221;15px&#8221; header_font=&#8221;||||||||&#8221; global_colors_info=&#8221;{}&#8221;]<\/p>\n<p>OSK Lopecik<\/p>\n<p>[\/et_pb_text][et_pb_text _builder_version=&#8221;4.16&#8243; text_font=&#8221;PT Sans||||||||&#8221; text_text_color=&#8221;rgba(255,255,255,0.7)&#8221; text_font_size=&#8221;18px&#8221; text_line_height=&#8221;1.8em&#8221; header_font=&#8221;||||||||&#8221; header_2_font=&#8221;Poppins|500|||||||&#8221; header_2_font_size=&#8221;38px&#8221; header_2_line_height=&#8221;1.3em&#8221; header_3_font=&#8221;||||||||&#8221; header_4_font=&#8221;||||||||&#8221; background_layout=&#8221;dark&#8221; global_colors_info=&#8221;{}&#8221;]<\/p>\n<h2>Jakie s\u0105 jeszcze zalety nauki na automacie w naszej szkole?<\/h2>\n<p>Nauka na automacie w OSK Lopecik to nie tylko \u0142atwiejsza jazda \u2013 to szereg dodatkowych korzy\u015bci, kt\u00f3re przyspieszaj\u0105 post\u0119py i zwi\u0119kszaj\u0105 komfort kursanta:<\/p>\n<p>[\/et_pb_text][et_pb_blurb title=&#8221;Mniej stresu na egzaminie&#8221; use_icon=&#8221;on&#8221; font_icon=&#8221;&#xe052;||divi||400&#8243; icon_color=&#8221;#0fb896&#8243; icon_placement=&#8221;left&#8221; image_icon_width=&#8221;24px&#8221; _builder_version=&#8221;4.27.4&#8243; header_font=&#8221;||||||||&#8221; header_text_color=&#8221;#0fb896&#8243; header_line_height=&#8221;1.3em&#8221; icon_font_size=&#8221;24px&#8221; global_colors_info=&#8221;{}&#8221;][\/et_pb_blurb][et_pb_blurb title=&#8221;Wi\u0119ksza koncentracja na bezpiecze\u0144stwie&#8221; use_icon=&#8221;on&#8221; font_icon=&#8221;&#xe052;||divi||400&#8243; icon_color=&#8221;#0fb896&#8243; icon_placement=&#8221;left&#8221; image_icon_width=&#8221;24px&#8221; _builder_version=&#8221;4.27.4&#8243; header_font=&#8221;||||||||&#8221; header_text_color=&#8221;#0fb896&#8243; header_line_height=&#8221;1.3em&#8221; icon_font_size=&#8221;24px&#8221; global_colors_info=&#8221;{}&#8221;][\/et_pb_blurb][et_pb_blurb title=&#8221;\u0141atwiejsze opanowanie trudnych manewr\u00f3w&#8221; use_icon=&#8221;on&#8221; font_icon=&#8221;&#xe052;||divi||400&#8243; icon_color=&#8221;#0fb896&#8243; icon_placement=&#8221;left&#8221; image_icon_width=&#8221;24px&#8221; _builder_version=&#8221;4.27.4&#8243; header_font=&#8221;||||||||&#8221; header_text_color=&#8221;#0fb896&#8243; header_line_height=&#8221;1.3em&#8221; icon_font_size=&#8221;24px&#8221; global_colors_info=&#8221;{}&#8221;][\/et_pb_blurb][et_pb_blurb title=&#8221;Szybsze przyswajanie praktycznych umiej\u0119tno\u015bci&#8221; use_icon=&#8221;on&#8221; font_icon=&#8221;&#xe052;||divi||400&#8243; icon_color=&#8221;#0fb896&#8243; icon_placement=&#8221;left&#8221; image_icon_width=&#8221;24px&#8221; _builder_version=&#8221;4.27.4&#8243; header_font=&#8221;||||||||&#8221; header_text_color=&#8221;#0fb896&#8243; header_line_height=&#8221;1.3em&#8221; icon_font_size=&#8221;24px&#8221; global_colors_info=&#8221;{}&#8221;][\/et_pb_blurb][et_pb_blurb title=&#8221;Lepsze przygotowanie do jazdy w mie\u015bcie i korkach&#8221; use_icon=&#8221;on&#8221; font_icon=&#8221;&#xe052;||divi||400&#8243; icon_color=&#8221;#0fb896&#8243; icon_placement=&#8221;left&#8221; image_icon_width=&#8221;24px&#8221; _builder_version=&#8221;4.27.4&#8243; header_font=&#8221;||||||||&#8221; header_text_color=&#8221;#0fb896&#8243; header_line_height=&#8221;1.3em&#8221; icon_font_size=&#8221;24px&#8221; global_colors_info=&#8221;{}&#8221;][\/et_pb_blurb][et_pb_blurb title=&#8221;Bezpieczna nauka dla kursant\u00f3w w ka\u017cdym wieku&#8221; use_icon=&#8221;on&#8221; font_icon=&#8221;&#xe052;||divi||400&#8243; icon_color=&#8221;#0fb896&#8243; icon_placement=&#8221;left&#8221; image_icon_width=&#8221;24px&#8221; _builder_version=&#8221;4.27.4&#8243; header_font=&#8221;||||||||&#8221; header_text_color=&#8221;#0fb896&#8243; header_line_height=&#8221;1.3em&#8221; icon_font_size=&#8221;24px&#8221; global_colors_info=&#8221;{}&#8221;][\/et_pb_blurb][\/et_pb_column][\/et_pb_row][\/et_pb_section][et_pb_section fb_built=&#8221;1&#8243; admin_label=&#8221;3 Cards Features&#8221; _builder_version=&#8221;4.16&#8243; background_color=&#8221;#212529&#8243; custom_padding=&#8221;100px|0px|100px|0px&#8221; global_colors_info=&#8221;{}&#8221;][et_pb_row _builder_version=&#8221;4.16&#8243; global_colors_info=&#8221;{}&#8221;][et_pb_column type=&#8221;4_4&#8243; _builder_version=&#8221;4.16&#8243; custom_padding=&#8221;|||&#8221; global_colors_info=&#8221;{}&#8221; custom_padding__hover=&#8221;|||&#8221;][et_pb_text _builder_version=&#8221;4.27.4&#8243; text_font=&#8221;PT Sans||||||||&#8221; text_text_color=&#8221;rgba(255,255,255,0.7)&#8221; text_font_size=&#8221;18px&#8221; text_line_height=&#8221;1.8em&#8221; header_font=&#8221;||||||||&#8221; header_text_align=&#8221;center&#8221; header_text_color=&#8221;#ffffff&#8221; header_font_size=&#8221;38px&#8221; header_2_font=&#8221;Poppins|500|||||||&#8221; header_2_font_size=&#8221;38px&#8221; header_2_line_height=&#8221;1.3em&#8221; header_3_font=&#8221;||||||||&#8221; header_4_font=&#8221;||||||||&#8221; text_orientation=&#8221;center&#8221; background_layout=&#8221;dark&#8221; max_width=&#8221;700px&#8221; module_alignment=&#8221;center&#8221; global_colors_info=&#8221;{}&#8221;]<\/p>\n<h2><span style=\"font-size: xx-large;\">Automat \u2013 prosta droga do prawa jazdy<\/span><\/h2>\n<p>Nie czekaj! Zacznij nauk\u0119 ju\u017c teraz i szybko zdob\u0105d\u017a pewno\u015b\u0107 siebie za kierownic\u0105. Nauka na automacie jest \u0142atwa, komfortowa i przyjemna.<\/p>\n<p>[\/et_pb_text][et_pb_button button_url=&#8221;https:\/\/osklopecik.pl\/?page_id=26453&#8243; button_text=&#8221;Zapisz si\u0119&#8221; button_alignment=&#8221;center&#8221; admin_label=&#8221;Button&#8221; _builder_version=&#8221;4.27.4&#8243; custom_button=&#8221;on&#8221; button_text_size=&#8221;16px&#8221; button_text_color=&#8221;#ffffff&#8221; button_bg_color=&#8221;#1c8dff&#8221; button_border_width=&#8221;0px&#8221; button_border_radius=&#8221;5px&#8221; button_letter_spacing=&#8221;2px&#8221; button_font=&#8221;Ubuntu|||on|||||&#8221; button_icon=&#8221;&#x35;||divi||400&#8243; background_layout=&#8221;dark&#8221; custom_margin=&#8221;|||&#8221; custom_padding=&#8221;15px|40px|15px|40px|true|true&#8221; button_text_color_hover=&#8221;#ffffff&#8221; button_letter_spacing_hover=&#8221;2px&#8221; button_bg_color_hover=&#8221;#2a3443&#8243; locked=&#8221;off&#8221; global_colors_info=&#8221;{}&#8221; button_text_size__hover_enabled=&#8221;off&#8221; button_one_text_size__hover_enabled=&#8221;off&#8221; button_two_text_size__hover_enabled=&#8221;off&#8221; button_text_color__hover_enabled=&#8221;on&#8221; button_text_color__hover=&#8221;#ffffff&#8221; button_one_text_color__hover_enabled=&#8221;off&#8221; button_two_text_color__hover_enabled=&#8221;off&#8221; button_border_width__hover_enabled=&#8221;off&#8221; button_one_border_width__hover_enabled=&#8221;off&#8221; button_two_border_width__hover_enabled=&#8221;off&#8221; button_border_color__hover_enabled=&#8221;off&#8221; button_one_border_color__hover_enabled=&#8221;off&#8221; button_two_border_color__hover_enabled=&#8221;off&#8221; button_border_radius__hover_enabled=&#8221;off&#8221; button_one_border_radius__hover_enabled=&#8221;off&#8221; button_two_border_radius__hover_enabled=&#8221;off&#8221; button_letter_spacing__hover_enabled=&#8221;on&#8221; button_letter_spacing__hover=&#8221;2px&#8221; button_one_letter_spacing__hover_enabled=&#8221;off&#8221; button_two_letter_spacing__hover_enabled=&#8221;off&#8221; button_bg_color__hover_enabled=&#8221;on&#8221; button_bg_color__hover=&#8221;#2a3443&#8243; button_one_bg_color__hover_enabled=&#8221;off&#8221; button_two_bg_color__hover_enabled=&#8221;off&#8221;][\/et_pb_button][\/et_pb_column][\/et_pb_row][\/et_pb_section]<\/p>\n","protected":false},"excerpt":{"rendered":"<p>OSK Lopecik Naucz si\u0119 prowadzi\u0107 \u0142atwo i bezstresowo! Kursy samochodem z automatyczn\u0105 skrzyni\u0105 bieg\u00f3w.OSK Lopecik Nasz O\u015brodek Szkolenia Kierowc\u00f3w\u00a0Lopecik\u00a0to nowoczesna szko\u0142a jazdy, gdzie uczymy na zar\u00f3wno samochodach z manualn\u0105, jak i\u00a0automatyczn\u0105 skrzyni\u0105 bieg\u00f3w. Nasze kursy s\u0105 przyjazne, dopasowane do potrzeb ka\u017cdego kursanta i prowadzone w komfortowej atmosferze.Dzi\u0119ki automatycznej skrzyni bieg\u00f3w kursanci mog\u0105 skupi\u0107 si\u0119 na [&hellip;]<\/p>\n","protected":false},"author":5,"featured_media":0,"parent":0,"menu_order":3,"comment_status":"closed","ping_status":"closed","template":"","meta":{"_et_pb_use_builder":"on","_et_pb_old_content":"","_et_gb_content_width":"","footnotes":""},"class_list":["post-26430","page","type-page","status-publish","hentry"],"_links":{"self":[{"href":"https:\/\/osklopecik.pl\/index.php?rest_route=\/wp\/v2\/pages\/26430","targetHints":{"allow":["GET"]}}],"collection":[{"href":"https:\/\/osklopecik.pl\/index.php?rest_route=\/wp\/v2\/pages"}],"about":[{"href":"https:\/\/osklopecik.pl\/index.php?rest_route=\/wp\/v2\/types\/page"}],"author":[{"embeddable":true,"href":"https:\/\/osklopecik.pl\/index.php?rest_route=\/wp\/v2\/users\/5"}],"replies":[{"embeddable":true,"href":"https:\/\/osklopecik.pl\/index.php?rest_route=%2Fwp%2Fv2%2Fcomments&post=26430"}],"version-history":[{"count":9,"href":"https:\/\/osklopecik.pl\/index.php?rest_route=\/wp\/v2\/pages\/26430\/revisions"}],"predecessor-version":[{"id":32198,"href":"https:\/\/osklopecik.pl\/index.php?rest_route=\/wp\/v2\/pages\/26430\/revisions\/32198"}],"wp:attachment":[{"href":"https:\/\/osklopecik.pl\/index.php?rest_route=%2Fwp%2Fv2%2Fmedia&parent=26430"}],"curies":[{"name":"wp","href":"https:\/\/api.w.org\/{rel}","templated":true}]}}