{"id":26449,"date":"2025-09-01T17:50:29","date_gmt":"2025-09-01T15:50:29","guid":{"rendered":"https:\/\/osklopecik.pl\/?page_id=26449"},"modified":"2026-01-06T23:53:23","modified_gmt":"2026-01-06T21:53:23","slug":"faq-osk-lopecik","status":"publish","type":"page","link":"https:\/\/osklopecik.pl\/?page_id=26449","title":{"rendered":"FAQ"},"content":{"rendered":"<p>[et_pb_section fb_built=&#8221;1&#8243; admin_label=&#8221;FAQ&#8221; _builder_version=&#8221;4.27.4&#8243; _module_preset=&#8221;default&#8221; background_enable_color=&#8221;off&#8221; use_background_color_gradient=&#8221;on&#8221; background_color_gradient_stops=&#8221;#2d3756 0%|#212529 100%&#8221; background_enable_image=&#8221;off&#8221; background_size=&#8221;initial&#8221; background_position=&#8221;top_right&#8221; top_divider_color=&#8221;#d1d0d8&#8243; top_divider_height=&#8221;50px&#8221; bottom_divider_color=&#8221;#d1d0d8&#8243; bottom_divider_height=&#8221;50px&#8221; collapsed=&#8221;on&#8221; global_colors_info=&#8221;{%22gcid-8ce98ce1-4460-49e4-9cd7-b148b47c216c%22:%91%22background_color%22%93}&#8221;][et_pb_row _builder_version=&#8221;4.23.1&#8243; _module_preset=&#8221;default&#8221; global_colors_info=&#8221;{}&#8221;][et_pb_column type=&#8221;4_4&#8243; _builder_version=&#8221;4.23.1&#8243; _module_preset=&#8221;default&#8221; global_colors_info=&#8221;{}&#8221;][et_pb_text _builder_version=&#8221;4.27.4&#8243; _module_preset=&#8221;925e0df3-5d2a-459e-adce-f4726e0c13db&#8221; text_font=&#8221;PT Sans||||||||&#8221; text_text_color=&#8221;#FFFFFF&#8221; header_font=&#8221;PT Sans||||||||&#8221; header_text_color=&#8221;#FFFFFF&#8221; header_2_font=&#8221;PT Sans|700|||||||&#8221; header_2_text_align=&#8221;center&#8221; header_2_text_color=&#8221;rgba(255,255,255,0.87)&#8221; global_colors_info=&#8221;{}&#8221;]<\/p>\n<h2>FAQ &#8211; Najcz\u0119\u015bciej zadawane pytania<\/h2>\n<p>[\/et_pb_text][et_pb_accordion open_toggle_background_color=&#8221;RGBA(255,255,255,0)&#8221; closed_toggle_background_color=&#8221;rgba(0,0,0,0.05)&#8221; toggle_icon=&#8221;&#xf067;||fa||900&#8243; icon_color=&#8221;#000000&#8243; _builder_version=&#8221;4.27.5&#8243; _module_preset=&#8221;default&#8221; toggle_text_color=&#8221;#ffffff&#8221; toggle_font=&#8221;PT Sans|700|||||||&#8221; toggle_font_size=&#8221;20px&#8221; toggle_line_height=&#8221;1.4em&#8221; body_font=&#8221;PT Sans||||||||&#8221; body_text_color=&#8221;rgba(255,255,255,0.55)&#8221; body_font_size=&#8221;17px&#8221; body_line_height=&#8221;1.8em&#8221; text_orientation=&#8221;left&#8221; hover_enabled=&#8221;0&#8243; toggle_font_size_tablet=&#8221;16px&#8221; toggle_font_size_phone=&#8221;14px&#8221; toggle_font_size_last_edited=&#8221;on|desktop&#8221; body_font_size_tablet=&#8221;15px&#8221; body_font_size_phone=&#8221;14px&#8221; body_font_size_last_edited=&#8221;on|desktop&#8221; border_radii=&#8221;on|20px|20px|20px|20px&#8221; border_width_all=&#8221;2px&#8221; border_color_all=&#8221;#000000&#8243; locked=&#8221;off&#8221; global_colors_info=&#8221;{}&#8221; sticky_enabled=&#8221;0&#8243;][et_pb_accordion_item title=&#8221;Chc\u0105c rozpocz\u0105\u0107 kurs na prawo jazdy, od czego mam zacz\u0105\u0107 ?&#8221; open=&#8221;off&#8221; _builder_version=&#8221;4.26.0&#8243; _module_preset=&#8221;default&#8221; global_colors_info=&#8221;{}&#8221;]<\/p>\n<p><strong>Aby uzyska\u0107 prawo jazdy, nale\u017cy najpierw zapisa\u0107 si\u0119 na kurs w naszej szkole jazdy oraz odby\u0107 badania lekarskie, kt\u00f3re s\u0105 przeprowadzane w naszym o\u015brodku i s\u0105 wliczone w cen\u0119 kursu. Nast\u0119pnie nale\u017cy z\u0142o\u017cy\u0107 wniosek o numer PKK w urz\u0119dzie miasta (Wydzia\u0142 Komunikacji).<\/strong><\/p>\n<p>[\/et_pb_accordion_item][et_pb_accordion_item title=&#8221;Co to jest profil kandydata na kierowc\u0119 ? (PKK)&#8221; _builder_version=&#8221;4.26.0&#8243; _module_preset=&#8221;default&#8221; global_colors_info=&#8221;{}&#8221; open=&#8221;off&#8221;]<\/p>\n<p><strong>W wydziale komunikacji, gdzie sk\u0142adasz wymagane dokumenty i za\u0142atwiasz formalno\u015bci, zostanie dla Ciebie wygenerowany indywidualny profil kandydata na kierowc\u0119 (PKK). Jest to elektroniczny zbi\u00f3r informacji dotycz\u0105cych Twojej sprawy, kt\u00f3ry b\u0119dzie uzupe\u0142niany o szczeg\u00f3\u0142y takie jak liczba godzin szkolenia i wyniki egzamin\u00f3w. Numer PKK b\u0119dzie u\u017cywany przez ca\u0142y proces uzyskiwania prawa jazdy w danej kategorii.<\/strong><\/p>\n<p>[\/et_pb_accordion_item][et_pb_accordion_item title=&#8221;Jakie dokumenty s\u0105 wymagane aby otrzyma\u0107 PKK ?&#8221; _builder_version=&#8221;4.26.0&#8243; _module_preset=&#8221;default&#8221; global_colors_info=&#8221;{}&#8221; open=&#8221;off&#8221;]<\/p>\n<ul>\n<li><strong>orzeczenie lekarskie stwierdzaj\u0105ce brak przeciwwskaza\u0144 zdrowotnych do kierowania pojazdem<span>\u00a0<\/span>(Badania lekarskie odbywaja si\u0119 w o\u015brodku oraz s\u0105 wliczone w cene kursu)<\/strong><\/li>\n<li><strong>dow\u00f3d osobisty lub paszport;<\/strong><\/li>\n<li><strong>zdj\u0119cie- wyra\u017ane, aktualne i kolorowe, o wymiarach 3,5 x 4,5 cm<\/strong><\/li>\n<li><strong>pisemna zgoda rodzic\u00f3w lub opiekun\u00f3w, je\u017celi osoba nie uko\u0144czy\u0142a 18 lat<\/strong><\/li>\n<li><strong>wniosek o wydanie prawa jazdy- otrzymanie PKK<\/strong><\/li>\n<\/ul>\n<p>[\/et_pb_accordion_item][et_pb_accordion_item title=&#8221;W jakim wieku mog\u0119 rozpocz\u0105\u0107 kurs na prawo jazdy ?&#8221; _builder_version=&#8221;4.26.0&#8243; _module_preset=&#8221;default&#8221; global_colors_info=&#8221;{}&#8221; open=&#8221;off&#8221;]<\/p>\n<p><strong>Kurs na prawo jazdy kat.B mo\u017cna rozpocz\u0105\u0107 b\u0119d\u0105c minimum 3 miesiace przed uko\u0144czeniem 18. roku \u017cycia.<\/strong><\/p>\n<p>[\/et_pb_accordion_item][et_pb_accordion_item title=&#8221;Ile kosztuj\u0105 egzaminy pa\u0144stwowe ?&#8221; _builder_version=&#8221;4.26.0&#8243; _module_preset=&#8221;default&#8221; global_colors_info=&#8221;{}&#8221; open=&#8221;off&#8221;]<\/p>\n<p><strong>Op\u0142ata za egzamin teoretyczny na prawo jazdy kategorii B wynosi 50 z\u0142,\u00a0natomiast za\u00a0egzamin praktyczny trzeba zap\u0142aci\u0107 200 z\u0142.<\/strong><\/p>\n<p>[\/et_pb_accordion_item][et_pb_accordion_item title=&#8221;Ile kosztuje wydanie prawa jazdy ?&#8221; _builder_version=&#8221;4.26.0&#8243; _module_preset=&#8221;default&#8221; global_colors_info=&#8221;{}&#8221; open=&#8221;off&#8221;]<\/p>\n<p><strong>Koszt wydania prawa jazdy wynosi 100,50 z\u0142, w tym op\u0142ata ewidencyjna.<\/strong><\/p>\n<p>[\/et_pb_accordion_item][et_pb_accordion_item title=&#8221;Czy w naszej szkole mo\u017cna p\u0142aci\u0107 w ratach ?&#8221; _builder_version=&#8221;4.27.4&#8243; _module_preset=&#8221;default&#8221; global_colors_info=&#8221;{}&#8221; open=&#8221;off&#8221;]<\/p>\n<p><strong>Tak ! W naszej szkole jest mo\u017cliwo\u015b\u0107 op\u0142aty kursu w nieoprocentowanych ratach.<\/strong><\/p>\n<p>[\/et_pb_accordion_item][et_pb_accordion_item title=&#8221;Czy posiadamy \u015akod\u0119 Fabie? &#8221; _builder_version=&#8221;4.27.5&#8243; _module_preset=&#8221;default&#8221; hover_enabled=&#8221;0&#8243; sticky_enabled=&#8221;0&#8243; open=&#8221;on&#8221;]<\/p>\n<p>Nasz O\u015brodek ma na wyposa\u017ceniu now\u0105 \u015akod\u0119 Fabi\u0119 z 2025 roku z salonu. Jest to model identyczny jak na WORD Katowice z wi\u0119kszym wyposa\u017ceniem min. Skrzynia 6 biegowa, kamerka cofania, czujniki parkowania prz\u00f3d oraz ty\u0142, system start stop, automatyczne wycieraczki,\u00a0 podgrzewane lusterka oraz kierownic\u0119.<\/p>\n<p>[\/et_pb_accordion_item][et_pb_accordion_item title=&#8221;Czy posiadamy samoch\u00f3d z automatyczn\u0105 skrzyni\u0105 bieg\u00f3w ?&#8221; _builder_version=&#8221;4.26.0&#8243; _module_preset=&#8221;default&#8221; global_colors_info=&#8221;{}&#8221; open=&#8221;off&#8221;]<\/p>\n<p><strong>Tak posiadamy samoch\u00f3d z automatyczn\u0105 skrzyni\u0105 bieg\u00f3w.<\/strong><\/p>\n<p>[\/et_pb_accordion_item][et_pb_accordion_item title=&#8221;Czy nasza szko\u0142a oferuje mo\u017cliwo\u015b\u0107 wypo\u017cyczenia auta na egzamin pa\u0144stwowy?&#8221; _builder_version=&#8221;4.26.0&#8243; _module_preset=&#8221;default&#8221; global_colors_info=&#8221;{}&#8221; open=&#8221;off&#8221;]<\/p>\n<p><strong>Tak, nasza szko\u0142a oferuj\u0119 us\u0142ug\u0119 wypo\u017cyczenia naszego samochodu na egzamin pa\u0144stwowy, dzi\u0119ki temu mo\u017cna zredukowa\u0107 stres zwi\u0105zany z egzaminem pa\u0144stwowym.<\/strong><\/p>\n<p>[\/et_pb_accordion_item][et_pb_accordion_item title=&#8221;Czy odbieramy oraz odwozimy kursant\u00f3w ?&#8221; _builder_version=&#8221;4.26.0&#8243; _module_preset=&#8221;default&#8221; global_colors_info=&#8221;{}&#8221; open=&#8221;off&#8221;]<\/p>\n<p><strong>Tak, nasza szko\u0142a oferuje odbi\u00f3r kursanta z wcze\u015bniej ustalonego miejsca oraz po zako\u0144czonych jazdach odwozimy kursanta w ustalone miejsce.<\/strong><\/p>\n<p>[\/et_pb_accordion_item][et_pb_accordion_item title=&#8221;Czy podczas egzaminu pa\u0144stwowego mo\u017ce by\u0107 osoba towarzysz\u0105ca ?&#8221; _builder_version=&#8221;4.26.0&#8243; _module_preset=&#8221;default&#8221; global_colors_info=&#8221;{}&#8221; open=&#8221;off&#8221;]<\/p>\n<p><strong>Niestety na egzaminie pa\u0144stwowym nie mo\u017ce by\u0107 osoby towarzysz\u0105cej. Podczas egzaminu dodatkowo mo\u017ce by\u0107 obecny tylko instruktor.\u00a0<\/strong><\/p>\n<p>[\/et_pb_accordion_item][\/et_pb_accordion][\/et_pb_column][\/et_pb_row][\/et_pb_section]<\/p>\n","protected":false},"excerpt":{"rendered":"<p>FAQ &#8211; Najcz\u0119\u015bciej zadawane pytaniaAby uzyska\u0107 prawo jazdy, nale\u017cy najpierw zapisa\u0107 si\u0119 na kurs w naszej szkole jazdy oraz odby\u0107 badania lekarskie, kt\u00f3re s\u0105 przeprowadzane w naszym o\u015brodku i s\u0105 wliczone w cen\u0119 kursu. Nast\u0119pnie nale\u017cy z\u0142o\u017cy\u0107 wniosek o numer PKK w urz\u0119dzie miasta (Wydzia\u0142 Komunikacji).W wydziale komunikacji, gdzie sk\u0142adasz wymagane dokumenty i za\u0142atwiasz formalno\u015bci, [&hellip;]<\/p>\n","protected":false},"author":5,"featured_media":0,"parent":0,"menu_order":5,"comment_status":"closed","ping_status":"closed","template":"","meta":{"_et_pb_use_builder":"on","_et_pb_old_content":"","_et_gb_content_width":"","footnotes":""},"class_list":["post-26449","page","type-page","status-publish","hentry"],"_links":{"self":[{"href":"https:\/\/osklopecik.pl\/index.php?rest_route=\/wp\/v2\/pages\/26449","targetHints":{"allow":["GET"]}}],"collection":[{"href":"https:\/\/osklopecik.pl\/index.php?rest_route=\/wp\/v2\/pages"}],"about":[{"href":"https:\/\/osklopecik.pl\/index.php?rest_route=\/wp\/v2\/types\/page"}],"author":[{"embeddable":true,"href":"https:\/\/osklopecik.pl\/index.php?rest_route=\/wp\/v2\/users\/5"}],"replies":[{"embeddable":true,"href":"https:\/\/osklopecik.pl\/index.php?rest_route=%2Fwp%2Fv2%2Fcomments&post=26449"}],"version-history":[{"count":7,"href":"https:\/\/osklopecik.pl\/index.php?rest_route=\/wp\/v2\/pages\/26449\/revisions"}],"predecessor-version":[{"id":32228,"href":"https:\/\/osklopecik.pl\/index.php?rest_route=\/wp\/v2\/pages\/26449\/revisions\/32228"}],"wp:attachment":[{"href":"https:\/\/osklopecik.pl\/index.php?rest_route=%2Fwp%2Fv2%2Fmedia&parent=26449"}],"curies":[{"name":"wp","href":"https:\/\/api.w.org\/{rel}","templated":true}]}}